{"id":241,"date":"2025-10-26T19:05:36","date_gmt":"2025-10-26T18:05:36","guid":{"rendered":"https:\/\/jakubkowalski.pl\/?page_id=241"},"modified":"2025-10-29T22:01:23","modified_gmt":"2025-10-29T21:01:23","slug":"portfolio","status":"publish","type":"page","link":"https:\/\/jakubkowalski.pl\/?page_id=241","title":{"rendered":"Portfolio"},"content":{"rendered":"\t\t<div data-elementor-type=\"wp-page\" data-elementor-id=\"241\" class=\"elementor elementor-241\" data-elementor-post-type=\"page\">\n\t\t\t\t<div class=\"elementor-element elementor-element-2629aaf e-flex e-con-boxed e-con e-parent\" data-id=\"2629aaf\" data-element_type=\"container\" data-e-type=\"container\" data-settings=\"{&quot;background_background&quot;:&quot;classic&quot;}\">\n\t\t\t\t\t<div class=\"e-con-inner\">\n\t\t\t\t<div class=\"elementor-element elementor-element-5dfc171 elementor-widget elementor-widget-heading\" data-id=\"5dfc171\" data-element_type=\"widget\" data-e-type=\"widget\" data-widget_type=\"heading.default\">\n\t\t\t\t\t<h2 class=\"elementor-heading-title elementor-size-default\">Sprawd\u017a moje realizacje  <\/h2>\t\t\t\t<\/div>\n\t\t\t\t<div class=\"elementor-element elementor-element-338d0bd elementor-widget-divider--view-line elementor-widget elementor-widget-divider\" data-id=\"338d0bd\" data-element_type=\"widget\" data-e-type=\"widget\" data-widget_type=\"divider.default\">\n\t\t\t\t\t\t\t<div class=\"elementor-divider\">\n\t\t\t<span class=\"elementor-divider-separator\">\n\t\t\t\t\t\t<\/span>\n\t\t<\/div>\n\t\t\t\t\t\t<\/div>\n\t\t\t\t\t<\/div>\n\t\t\t\t<\/div>\n\t\t<div class=\"elementor-element elementor-element-dceb3af e-con-full e-flex e-con e-parent\" data-id=\"dceb3af\" data-element_type=\"container\" data-e-type=\"container\" data-settings=\"{&quot;background_background&quot;:&quot;classic&quot;}\">\n\t\t<div class=\"elementor-element elementor-element-2ac36b8 e-con-full e-flex e-con e-child\" data-id=\"2ac36b8\" data-element_type=\"container\" data-e-type=\"container\">\n\t\t\t\t<div class=\"elementor-element elementor-element-6b021c1 elementor-widget elementor-widget-heading\" data-id=\"6b021c1\" data-element_type=\"widget\" data-e-type=\"widget\" data-widget_type=\"heading.default\">\n\t\t\t\t\t<h2 class=\"elementor-heading-title elementor-size-default\">\nSklep internetowy<\/h2>\t\t\t\t<\/div>\n\t\t\t\t<\/div>\n\t\t<div class=\"elementor-element elementor-element-c6a25a6 e-con-full e-flex e-con e-child\" data-id=\"c6a25a6\" data-element_type=\"container\" data-e-type=\"container\">\n\t\t\t\t<div class=\"elementor-element elementor-element-68abde7 elementor-widget elementor-widget-text-editor\" data-id=\"68abde7\" data-element_type=\"widget\" data-e-type=\"widget\" data-widget_type=\"text-editor.default\">\n\t\t\t\t\t\t\t\t\t<p>Sklep internetowy jest \u015bwietnym sposobem na zaoszcz\u0119dzenie na prowizji, kt\u00f3r\u0105 trzeba odprowadza\u0107 na portalach aukcyjnych, klient chcia\u0142, aby by\u0142 on w pe\u0142ni funkcjonalny. Jest to firma handlowo us\u0142ugowa, kt\u00f3ra opr\u00f3cz sprzeda\u017cy w\u0142asnej chemii zajmuj\u0119 si\u0119 szeregiem innych us\u0142ug. Na stronie zawar\u0142em informacje o firmie, jej pe\u0142en zakres dzia\u0142alno\u015bci, formularz kontaktowy oraz w pe\u0142ni dzia\u0142aj\u0105cy sklep internetowy. Jest to po\u0142\u0105cznie typowej strony wizyt\u00f3wki z pe\u0142ni dzia\u0142aj\u0105cym sklepem. Do sklepu zosta\u0142y podpi\u0119te p\u0142atno\u015bci internetowe, wi\u0119c kupuj\u0105cy\u00a0 mo\u017ce odrazu op\u0142aci\u0107 swoje zam\u00f3wienie. Dodatkowo zosta\u0142 stworzony profil u\u017cytkownika, dzi\u0119ki czemu mo\u017ce zalogowa\u0107 si\u0119 i mie\u0107 wszystkie swoje zakupy w jednym miejscu. Na sam koniec klient otrzyma\u0142 ode mnie pe\u0142ne szkolenie z zakresu obs\u0142ugi takiego sklepu oraz roczn\u0105 gwarancj\u0119 na ca\u0142\u0105 stron\u0119 internetow\u0105\u00a0<\/p>\t\t\t\t\t\t\t\t<\/div>\n\t\t\t\t<\/div>\n\t\t\t\t<\/div>\n\t\t<div class=\"elementor-element elementor-element-57f6676 e-flex e-con-boxed e-con e-parent\" data-id=\"57f6676\" data-element_type=\"container\" data-e-type=\"container\" data-settings=\"{&quot;background_background&quot;:&quot;classic&quot;}\">\n\t\t\t\t\t<div class=\"e-con-inner\">\n\t\t\t\t<div class=\"elementor-element elementor-element-b0cd8bd elementor-widget-divider--view-line elementor-widget elementor-widget-divider\" data-id=\"b0cd8bd\" data-element_type=\"widget\" data-e-type=\"widget\" data-widget_type=\"divider.default\">\n\t\t\t\t\t\t\t<div class=\"elementor-divider\">\n\t\t\t<span class=\"elementor-divider-separator\">\n\t\t\t\t\t\t<\/span>\n\t\t<\/div>\n\t\t\t\t\t\t<\/div>\n\t\t\t\t\t<\/div>\n\t\t\t\t<\/div>\n\t\t<div class=\"elementor-element elementor-element-31e049f e-con-full e-flex e-con e-parent\" data-id=\"31e049f\" data-element_type=\"container\" data-e-type=\"container\" data-settings=\"{&quot;background_background&quot;:&quot;classic&quot;}\">\n\t\t<div class=\"elementor-element elementor-element-de371aa e-con-full e-flex e-con e-child\" data-id=\"de371aa\" data-element_type=\"container\" data-e-type=\"container\">\n\t\t\t\t<div class=\"elementor-element elementor-element-73ddbbc elementor-widget elementor-widget-text-editor\" data-id=\"73ddbbc\" data-element_type=\"widget\" data-e-type=\"widget\" data-widget_type=\"text-editor.default\">\n\t\t\t\t\t\t\t\t\t<p>Sklep internetowy jest \u015bwietnym sposobem na zaoszcz\u0119dzenie na prowizji, kt\u00f3r\u0105 trzeba odprowadza\u0107 na portalach aukcyjnych, klient chcia\u0142, aby by\u0142 on w pe\u0142ni funkcjonalny. Jest to firma handlowo us\u0142ugowa, kt\u00f3ra opr\u00f3cz sprzeda\u017cy w\u0142asnej chemii zajmuj\u0119 si\u0119 szeregiem innych us\u0142ug. Na stronie zawar\u0142em informacje o firmie, jej pe\u0142en zakres dzia\u0142alno\u015bci, formularz kontaktowy oraz w pe\u0142ni dzia\u0142aj\u0105cy sklep internetowy. Jest to po\u0142\u0105cznie typowej strony wizyt\u00f3wki z pe\u0142ni dzia\u0142aj\u0105cym sklepem. Do sklepu zosta\u0142y podpi\u0119te p\u0142atno\u015bci internetowe, wi\u0119c kupuj\u0105cy\u00a0 mo\u017ce odrazu op\u0142aci\u0107 swoje zam\u00f3wienie. Dodatkowo zosta\u0142 stworzony profil u\u017cytkownika, dzi\u0119ki czemu mo\u017ce zalogowa\u0107 si\u0119 i mie\u0107 wszystkie swoje zakupy w jednym miejscu. Na sam koniec klient otrzyma\u0142 ode mnie pe\u0142ne szkolenie z zakresu obs\u0142ugi takiego sklepu oraz roczn\u0105 gwarancj\u0119 na ca\u0142\u0105 stron\u0119 internetow\u0105\u00a0<\/p>\t\t\t\t\t\t\t\t<\/div>\n\t\t\t\t<\/div>\n\t\t<div class=\"elementor-element elementor-element-1b5c4a9 e-con-full e-flex e-con e-child\" data-id=\"1b5c4a9\" data-element_type=\"container\" data-e-type=\"container\">\n\t\t\t\t<\/div>\n\t\t\t\t<\/div>\n\t\t<div class=\"elementor-element elementor-element-b577d58 e-flex e-con-boxed e-con e-parent\" data-id=\"b577d58\" data-element_type=\"container\" data-e-type=\"container\" data-settings=\"{&quot;background_background&quot;:&quot;classic&quot;}\">\n\t\t\t\t\t<div class=\"e-con-inner\">\n\t\t\t\t<div class=\"elementor-element elementor-element-8597924 elementor-widget-divider--view-line elementor-widget elementor-widget-divider\" data-id=\"8597924\" data-element_type=\"widget\" data-e-type=\"widget\" data-widget_type=\"divider.default\">\n\t\t\t\t\t\t\t<div class=\"elementor-divider\">\n\t\t\t<span class=\"elementor-divider-separator\">\n\t\t\t\t\t\t<\/span>\n\t\t<\/div>\n\t\t\t\t\t\t<\/div>\n\t\t\t\t\t<\/div>\n\t\t\t\t<\/div>\n\t\t<div class=\"elementor-element elementor-element-4c980a8 e-con-full e-flex e-con e-parent\" data-id=\"4c980a8\" data-element_type=\"container\" data-e-type=\"container\" data-settings=\"{&quot;background_background&quot;:&quot;classic&quot;}\">\n\t\t<div class=\"elementor-element elementor-element-3159935 e-con-full e-flex e-con e-child\" data-id=\"3159935\" data-element_type=\"container\" data-e-type=\"container\">\n\t\t\t\t<\/div>\n\t\t<div class=\"elementor-element elementor-element-61dcb1f e-con-full e-flex e-con e-child\" data-id=\"61dcb1f\" data-element_type=\"container\" data-e-type=\"container\">\n\t\t\t\t<div class=\"elementor-element elementor-element-6fe8e69 elementor-widget elementor-widget-text-editor\" data-id=\"6fe8e69\" data-element_type=\"widget\" data-e-type=\"widget\" data-widget_type=\"text-editor.default\">\n\t\t\t\t\t\t\t\t\t<p>Sklep internetowy jest \u015bwietnym sposobem na zaoszcz\u0119dzenie na prowizji, kt\u00f3r\u0105 trzeba odprowadza\u0107 na portalach aukcyjnych, klient chcia\u0142, aby by\u0142 on w pe\u0142ni funkcjonalny. Jest to firma handlowo us\u0142ugowa, kt\u00f3ra opr\u00f3cz sprzeda\u017cy w\u0142asnej chemii zajmuj\u0119 si\u0119 szeregiem innych us\u0142ug. Na stronie zawar\u0142em informacje o firmie, jej pe\u0142en zakres dzia\u0142alno\u015bci, formularz kontaktowy oraz w pe\u0142ni dzia\u0142aj\u0105cy sklep internetowy. Jest to po\u0142\u0105cznie typowej strony wizyt\u00f3wki z pe\u0142ni dzia\u0142aj\u0105cym sklepem. Do sklepu zosta\u0142y podpi\u0119te p\u0142atno\u015bci internetowe, wi\u0119c kupuj\u0105cy\u00a0 mo\u017ce odrazu op\u0142aci\u0107 swoje zam\u00f3wienie. Dodatkowo zosta\u0142 stworzony profil u\u017cytkownika, dzi\u0119ki czemu mo\u017ce zalogowa\u0107 si\u0119 i mie\u0107 wszystkie swoje zakupy w jednym miejscu. Na sam koniec klient otrzyma\u0142 ode mnie pe\u0142ne szkolenie z zakresu obs\u0142ugi takiego sklepu oraz roczn\u0105 gwarancj\u0119 na ca\u0142\u0105 stron\u0119 internetow\u0105\u00a0<\/p>\t\t\t\t\t\t\t\t<\/div>\n\t\t\t\t<\/div>\n\t\t\t\t<\/div>\n\t\t\t\t<\/div>\n\t\t","protected":false},"excerpt":{"rendered":"<p>Sprawd\u017a moje realizacje Sklep internetowy Sklep internetowy jest \u015bwietnym sposobem na zaoszcz\u0119dzenie na prowizji, kt\u00f3r\u0105 trzeba odprowadza\u0107 na portalach aukcyjnych, klient chcia\u0142, aby by\u0142 on w pe\u0142ni funkcjonalny. Jest to firma handlowo us\u0142ugowa, kt\u00f3ra opr\u00f3cz sprzeda\u017cy w\u0142asnej chemii zajmuj\u0119 si\u0119 szeregiem innych us\u0142ug. Na stronie zawar\u0142em informacje o firmie, jej pe\u0142en zakres dzia\u0142alno\u015bci, formularz kontaktowy [&hellip;]<\/p>\n","protected":false},"author":1,"featured_media":0,"parent":0,"menu_order":0,"comment_status":"closed","ping_status":"closed","template":"","meta":{"footnotes":""},"class_list":["post-241","page","type-page","status-publish","hentry"],"_links":{"self":[{"href":"https:\/\/jakubkowalski.pl\/index.php?rest_route=\/wp\/v2\/pages\/241","targetHints":{"allow":["GET"]}}],"collection":[{"href":"https:\/\/jakubkowalski.pl\/index.php?rest_route=\/wp\/v2\/pages"}],"about":[{"href":"https:\/\/jakubkowalski.pl\/index.php?rest_route=\/wp\/v2\/types\/page"}],"author":[{"embeddable":true,"href":"https:\/\/jakubkowalski.pl\/index.php?rest_route=\/wp\/v2\/users\/1"}],"replies":[{"embeddable":true,"href":"https:\/\/jakubkowalski.pl\/index.php?rest_route=%2Fwp%2Fv2%2Fcomments&post=241"}],"version-history":[{"count":16,"href":"https:\/\/jakubkowalski.pl\/index.php?rest_route=\/wp\/v2\/pages\/241\/revisions"}],"predecessor-version":[{"id":546,"href":"https:\/\/jakubkowalski.pl\/index.php?rest_route=\/wp\/v2\/pages\/241\/revisions\/546"}],"wp:attachment":[{"href":"https:\/\/jakubkowalski.pl\/index.php?rest_route=%2Fwp%2Fv2%2Fmedia&parent=241"}],"curies":[{"name":"wp","href":"https:\/\/api.w.org\/{rel}","templated":true}]}}